{"id":256,"date":"2019-10-30T07:08:59","date_gmt":"2019-10-30T07:08:59","guid":{"rendered":"https:\/\/demosoledad.pencidesign.net\/soledad-tailor-shop-multipurpose\/?page_id=8"},"modified":"2025-04-28T01:34:03","modified_gmt":"2025-04-27T23:34:03","slug":"gallery","status":"publish","type":"page","link":"https:\/\/kibanfashion.com\/index.php\/gallery\/","title":{"rendered":"Gallery"},"content":{"rendered":"\t\t<div data-elementor-type=\"wp-page\" data-elementor-id=\"256\" class=\"elementor elementor-256\">\n\t\t\t\t\t\t<section class=\"penci-section penci-dmcheck penci-elbg-activate penci-disSticky penci-structure-10 elementor-section elementor-top-section elementor-element elementor-element-73cdb78 elementor-section-boxed elementor-section-height-default elementor-section-height-default\" data-id=\"73cdb78\" data-element_type=\"section\" data-settings=\"{&quot;background_background&quot;:&quot;classic&quot;}\">\n\t\t\t\t\t\t<div class=\"elementor-container elementor-column-gap-no\">\n\t\t\t\t\t<div class=\"penci-ercol-100 penci-ercol-order-1 penci-sticky-ct    elementor-column elementor-col-100 elementor-top-column elementor-element elementor-element-e927463\" data-id=\"e927463\" data-element_type=\"column\">\n\t\t\t<div class=\"elementor-widget-wrap elementor-element-populated\">\n\t\t\t\t\t\t<div class=\"elementor-element elementor-element-e85e5c9 elementor-widget elementor-widget-penci-fancy_heading\" data-id=\"e85e5c9\" data-element_type=\"widget\" data-widget_type=\"penci-fancy_heading.default\">\n\t\t\t\t<div class=\"elementor-widget-container\">\n\t\t\t\t\t\t\t<div class=\"penci-fancy-heading penci-heading-text-center\">\n\t\t\t<div class=\"penci-fancy-heading-inner\">\n\t\t\t\t<div class=\"penci-heading-subtitle\">\"Nos cr\u00e9ations, votre style\"<\/div><h2 class=\"penci-heading-title\"><span class=\"inner-tit\">Gall\u00e9rie Kibanfashion<\/span><\/h2><div class=\"penci-heading-content entry-content\"><p>Parcourez nos collections\u202f: un m\u00e9lange unique de styles traditionnels et contemporains, confectionn\u00e9s avec amour et pr\u00e9cision.<\/p>\n<\/div>\t\t\t<\/div>\n\t\t<\/div>\n\t\t\t\t\t\t<\/div>\n\t\t\t\t<\/div>\n\t\t\t\t\t<\/div>\n\t\t<\/div>\n\t\t\t\t\t<\/div>\n\t\t<\/section>\n\t\t\t\t<section class=\"penci-section penci-disSticky penci-structure-10 elementor-section elementor-top-section elementor-element elementor-element-2b608b9 elementor-section-full_width elementor-section-height-default elementor-section-height-default\" data-id=\"2b608b9\" data-element_type=\"section\">\n\t\t\t\t\t\t<div class=\"elementor-container elementor-column-gap-no\">\n\t\t\t\t\t<div class=\"penci-ercol-100 penci-ercol-order-1 penci-sticky-ct    elementor-column elementor-col-100 elementor-top-column elementor-element elementor-element-584666a\" data-id=\"584666a\" data-element_type=\"column\">\n\t\t\t<div class=\"elementor-widget-wrap elementor-element-populated\">\n\t\t\t\t\t\t<div class=\"elementor-element elementor-element-ad60edc elementor-widget elementor-widget-penci-image-gallery\" data-id=\"ad60edc\" data-element_type=\"widget\" data-widget_type=\"penci-image-gallery.default\">\n\t\t\t\t<div class=\"elementor-widget-container\">\n\t\t\t\t\t        <div data-sliderid=\"46486\" id=\"penci-image_gallery_46486\"\n             class=\"penci-block-vc penci-image-gallery penci-image-gallery-s1 pencisc-grid-3 pencisc-grid-tablet-2 pencisc-grid-mobile-1\">\n\t\t\t            <div class=\"penci-block_content  pencisc-grid\">\n\t\t\t\t                <div class=\"penci-gallery-item penci-galitem-1\">\n                    <a  data-bgset=\"https:\/\/kibanfashion.com\/wp-content\/uploads\/2019\/10\/g6-768x512.jpg\" class=\"penci-lazy penci-gallery-ite penci-image-holder\"\n                       href=\"https:\/\/kibanfashion.com\/wp-content\/uploads\/2019\/10\/g6-1170x780.jpg\" >\n\t\t\t\t\t\t                                                <i class=\"penciicon-expand\"><\/i>\n                    <\/a>\n                <\/div>\n\t\t\t\t                <div class=\"penci-gallery-item penci-galitem-2\">\n                    <a  data-bgset=\"https:\/\/kibanfashion.com\/wp-content\/uploads\/2019\/10\/g3-768x512.jpg\" class=\"penci-lazy penci-gallery-ite penci-image-holder\"\n                       href=\"https:\/\/kibanfashion.com\/wp-content\/uploads\/2019\/10\/g3-1170x780.jpg\" >\n\t\t\t\t\t\t                                                <i class=\"penciicon-expand\"><\/i>\n                    <\/a>\n                <\/div>\n\t\t\t\t                <div class=\"penci-gallery-item penci-galitem-3\">\n                    <a  data-bgset=\"https:\/\/kibanfashion.com\/wp-content\/uploads\/2019\/10\/g2-768x512.jpg\" class=\"penci-lazy penci-gallery-ite penci-image-holder\"\n                       href=\"https:\/\/kibanfashion.com\/wp-content\/uploads\/2019\/10\/g2-1170x780.jpg\" >\n\t\t\t\t\t\t                                                <i class=\"penciicon-expand\"><\/i>\n                    <\/a>\n                <\/div>\n\t\t\t\t                <div class=\"penci-gallery-item penci-galitem-4\">\n                    <a  data-bgset=\"https:\/\/kibanfashion.com\/wp-content\/uploads\/2019\/10\/g4-768x512.jpg\" class=\"penci-lazy penci-gallery-ite penci-image-holder\"\n                       href=\"https:\/\/kibanfashion.com\/wp-content\/uploads\/2019\/10\/g4-1170x780.jpg\" >\n\t\t\t\t\t\t                                                <i class=\"penciicon-expand\"><\/i>\n                    <\/a>\n                <\/div>\n\t\t\t\t                <div class=\"penci-gallery-item penci-galitem-5\">\n                    <a  data-bgset=\"https:\/\/kibanfashion.com\/wp-content\/uploads\/2019\/10\/g5-768x512.jpg\" class=\"penci-lazy penci-gallery-ite penci-image-holder\"\n                       href=\"https:\/\/kibanfashion.com\/wp-content\/uploads\/2019\/10\/g5-1170x780.jpg\" >\n\t\t\t\t\t\t                                                <i class=\"penciicon-expand\"><\/i>\n                    <\/a>\n                <\/div>\n\t\t\t\t                <div class=\"penci-gallery-item penci-galitem-6\">\n                    <a  data-bgset=\"https:\/\/kibanfashion.com\/wp-content\/uploads\/2019\/10\/g1-768x513.jpg\" class=\"penci-lazy penci-gallery-ite penci-image-holder\"\n                       href=\"https:\/\/kibanfashion.com\/wp-content\/uploads\/2019\/10\/g1-1170x781.jpg\" >\n\t\t\t\t\t\t                                                <i class=\"penciicon-expand\"><\/i>\n                    <\/a>\n                <\/div>\n\t\t\t\t            <\/div>\n        <\/div>\n\t\t\t\t\t\t<\/div>\n\t\t\t\t<\/div>\n\t\t\t\t\t<\/div>\n\t\t<\/div>\n\t\t\t\t\t<\/div>\n\t\t<\/section>\n\t\t\t\t<section class=\"penci-section penci-disSticky penci-structure-20 elementor-section elementor-top-section elementor-element elementor-element-712be48 elementor-section-boxed elementor-section-height-default elementor-section-height-default\" data-id=\"712be48\" data-element_type=\"section\">\n\t\t\t\t\t\t<div class=\"elementor-container elementor-column-gap-extended\">\n\t\t\t\t\t<div class=\"penci-ercol-50 penci-ercol-order-1 penci-sticky-ct    elementor-column elementor-col-50 elementor-top-column elementor-element elementor-element-c74b746\" data-id=\"c74b746\" data-element_type=\"column\">\n\t\t\t<div class=\"elementor-widget-wrap elementor-element-populated\">\n\t\t\t\t\t\t<div class=\"elementor-element elementor-element-2b2be98 elementor-widget elementor-widget-penci-info-box\" data-id=\"2b2be98\" data-element_type=\"widget\" data-widget_type=\"penci-info-box.default\">\n\t\t\t\t<div class=\"elementor-widget-container\">\n\t\t\t\t\t        <div id=\"penci_info_box_92376\" class=\"penci-block-vc penci-info-box penci-ibox-float-left penci-view-stacked penci-shape-circle\">\n            <div class=\"penci-ibox-inner penci-animation-grow\">\n\t\t\t\t\t\t\t\t<div class=\"penci-ibox-icon penci-ibox-icon--icon penci-icon penci-tibox-icon\"><span class=\"penci-ibox-icon-fa\"><i class=\"penci-ibox-icon--i fa fa-magic\" aria-hidden=\"true\"><\/i><\/span><\/div>                <div class=\"penci-ibox-content-wrap\">\n\t\t\t\t\t\t\t\t\t\t<h3\n                            class=\"penci-ibox-title\">Un savoir-faire authentique<\/h3>\t\t\t\t\t\t\t\t\t\t                        <div class=\"penci-ibox-content\"><ul class=\"ul1\">\n<li class=\"li1\">Fort de l'h\u00e9ritage malien et s\u00e9n\u00e9galais, notre atelier propose des cr\u00e9ations qui respectent les traditions tout en int\u00e9grant une touche contemporaine. Chaque tenue est le fruit d'un travail pr\u00e9cis et m\u00e9ticuleux.<\/li>\n<\/ul>\n<\/div>\t\t\t\t\t                <\/div>\n            <\/div>\n        <\/div>\n\t\t\t\t\t\t<\/div>\n\t\t\t\t<\/div>\n\t\t\t\t<div class=\"elementor-element elementor-element-3452558 elementor-widget elementor-widget-penci-info-box\" data-id=\"3452558\" data-element_type=\"widget\" data-widget_type=\"penci-info-box.default\">\n\t\t\t\t<div class=\"elementor-widget-container\">\n\t\t\t\t\t        <div id=\"penci_info_box_66190\" class=\"penci-block-vc penci-info-box penci-ibox-float-left penci-view-stacked penci-shape-circle\">\n            <div class=\"penci-ibox-inner penci-animation-grow\">\n\t\t\t\t\t\t\t\t<div class=\"penci-ibox-icon penci-ibox-icon--icon penci-icon penci-tibox-icon\"><span class=\"penci-ibox-icon-fa\"><i class=\"penci-ibox-icon--i fa fa-user-circle\" aria-hidden=\"true\"><\/i><\/span><\/div>                <div class=\"penci-ibox-content-wrap\">\n\t\t\t\t\t\t\t\t\t\t<h3\n                            class=\"penci-ibox-title\">Une approche personnalis\u00e9e<\/h3>\t\t\t\t\t\t\t\t\t\t                        <div class=\"penci-ibox-content\"><ul class=\"ul1\">\n<li class=\"li1\">Nous croyons que chaque client est unique. Nos designs sur mesure et nos consultations garantissent que chaque pi\u00e8ce refl\u00e8te la personnalit\u00e9 et le style individuel de celui ou celle qui la porte.<\/li>\n<\/ul>\n<\/div>\t\t\t\t\t                <\/div>\n            <\/div>\n        <\/div>\n\t\t\t\t\t\t<\/div>\n\t\t\t\t<\/div>\n\t\t\t\t\t<\/div>\n\t\t<\/div>\n\t\t\t\t<div class=\"penci-ercol-50 penci-ercol-order-2 penci-sticky-ct    elementor-column elementor-col-50 elementor-top-column elementor-element elementor-element-efe1ec5\" data-id=\"efe1ec5\" data-element_type=\"column\">\n\t\t\t<div class=\"elementor-widget-wrap elementor-element-populated\">\n\t\t\t\t\t\t<div class=\"elementor-element elementor-element-97d14f0 elementor-widget elementor-widget-penci-info-box\" data-id=\"97d14f0\" data-element_type=\"widget\" data-widget_type=\"penci-info-box.default\">\n\t\t\t\t<div class=\"elementor-widget-container\">\n\t\t\t\t\t        <div id=\"penci_info_box_28455\" class=\"penci-block-vc penci-info-box penci-ibox-float-left penci-view-stacked penci-shape-circle\">\n            <div class=\"penci-ibox-inner penci-animation-grow\">\n\t\t\t\t\t\t\t\t<div class=\"penci-ibox-icon penci-ibox-icon--icon penci-icon penci-tibox-icon\"><span class=\"penci-ibox-icon-fa\"><i class=\"penci-ibox-icon--i fa fa-heart\" aria-hidden=\"true\"><\/i><\/span><\/div>                <div class=\"penci-ibox-content-wrap\">\n\t\t\t\t\t\t\t\t\t\t<h3\n                            class=\"penci-ibox-title\">L'exp\u00e9rience et la ma\u00eetrise<\/h3>\t\t\t\t\t\t\t\t\t\t                        <div class=\"penci-ibox-content\"><ul class=\"ul1\">\n<li class=\"li1\">Avec des ann\u00e9es de pratique dans l'art de la couture sur mesure et pr\u00eat-\u00e0-porter, nous avons perfectionn\u00e9 nos techniques pour offrir des v\u00eatements qui s'ajustent parfaitement \u00e0 chaque client.<\/li>\n<\/ul>\n<\/div>\t\t\t\t\t                <\/div>\n            <\/div>\n        <\/div>\n\t\t\t\t\t\t<\/div>\n\t\t\t\t<\/div>\n\t\t\t\t<div class=\"elementor-element elementor-element-f134bba elementor-widget elementor-widget-penci-info-box\" data-id=\"f134bba\" data-element_type=\"widget\" data-widget_type=\"penci-info-box.default\">\n\t\t\t\t<div class=\"elementor-widget-container\">\n\t\t\t\t\t        <div id=\"penci_info_box_43575\" class=\"penci-block-vc penci-info-box penci-ibox-float-left penci-view-stacked penci-shape-circle\">\n            <div class=\"penci-ibox-inner penci-animation-grow\">\n\t\t\t\t\t\t\t\t<div class=\"penci-ibox-icon penci-ibox-icon--icon penci-icon penci-tibox-icon\"><span class=\"penci-ibox-icon-fa\"><i class=\"penci-ibox-icon--i fa fa-globe\" aria-hidden=\"true\"><\/i><\/span><\/div>                <div class=\"penci-ibox-content-wrap\">\n\t\t\t\t\t\t\t\t\t\t<h3\n                            class=\"penci-ibox-title\">La satisfaction garantie<\/h3>\t\t\t\t\t\t\t\t\t\t                        <div class=\"penci-ibox-content\"><ul class=\"ul1\">\n<li class=\"li1\">La fid\u00e9lit\u00e9 de nos clients t\u00e9moigne de la qualit\u00e9 de nos cr\u00e9ations. Nous ne livrons une tenue qu'une fois qu'elle d\u00e9passe les attentes, car votre satisfaction est notre priorit\u00e9.<\/li>\n<\/ul>\n<\/div>\t\t\t\t\t                <\/div>\n            <\/div>\n        <\/div>\n\t\t\t\t\t\t<\/div>\n\t\t\t\t<\/div>\n\t\t\t\t\t<\/div>\n\t\t<\/div>\n\t\t\t\t\t<\/div>\n\t\t<\/section>\n\t\t\t\t<\/div>\n\t\t","protected":false},"excerpt":{"rendered":"<p>&#8220;Nos cr\u00e9ations, votre style&#8221; Gall\u00e9rie Kibanfashion Parcourez nos collections\u202f: un m\u00e9lange unique de styles traditionnels et contemporains, confectionn\u00e9s avec amour et pr\u00e9cision. Un savoir-faire authentique Fort de l&#8217;h\u00e9ritage malien et&hellip;<\/p>\n","protected":false},"author":1,"featured_media":0,"parent":0,"menu_order":0,"comment_status":"closed","ping_status":"closed","template":"page-fullwidth.php","meta":{"content-type":"","_lmt_disableupdate":"","_lmt_disable":"","footnotes":""},"class_list":["post-256","page","type-page","status-publish","hentry"],"_links":{"self":[{"href":"https:\/\/kibanfashion.com\/index.php\/wp-json\/wp\/v2\/pages\/256","targetHints":{"allow":["GET"]}}],"collection":[{"href":"https:\/\/kibanfashion.com\/index.php\/wp-json\/wp\/v2\/pages"}],"about":[{"href":"https:\/\/kibanfashion.com\/index.php\/wp-json\/wp\/v2\/types\/page"}],"author":[{"embeddable":true,"href":"https:\/\/kibanfashion.com\/index.php\/wp-json\/wp\/v2\/users\/1"}],"replies":[{"embeddable":true,"href":"https:\/\/kibanfashion.com\/index.php\/wp-json\/wp\/v2\/comments?post=256"}],"version-history":[{"count":12,"href":"https:\/\/kibanfashion.com\/index.php\/wp-json\/wp\/v2\/pages\/256\/revisions"}],"predecessor-version":[{"id":318,"href":"https:\/\/kibanfashion.com\/index.php\/wp-json\/wp\/v2\/pages\/256\/revisions\/318"}],"wp:attachment":[{"href":"https:\/\/kibanfashion.com\/index.php\/wp-json\/wp\/v2\/media?parent=256"}],"curies":[{"name":"wp","href":"https:\/\/api.w.org\/{rel}","templated":true}]}}