{"id":10,"date":"2019-10-30T07:09:09","date_gmt":"2019-10-30T07:09:09","guid":{"rendered":"https:\/\/demosoledad.pencidesign.net\/soledad-tailor-shop-multipurpose\/?page_id=10"},"modified":"2025-04-28T01:37:58","modified_gmt":"2025-04-27T23:37:58","slug":"about-us","status":"publish","type":"page","link":"https:\/\/kibanfashion.com\/index.php\/about-us\/","title":{"rendered":"About Us"},"content":{"rendered":"\t\t<div data-elementor-type=\"wp-page\" data-elementor-id=\"10\" class=\"elementor elementor-10\">\n\t\t\t\t\t\t<section class=\"penci-section penci-dmcheck penci-elbg-activate penci-disSticky penci-structure-10 elementor-section elementor-top-section elementor-element elementor-element-0722eda elementor-section-boxed elementor-section-height-default elementor-section-height-default\" data-id=\"0722eda\" data-element_type=\"section\" data-settings=\"{&quot;background_background&quot;:&quot;classic&quot;}\">\n\t\t\t\t\t\t<div class=\"elementor-container elementor-column-gap-no\">\n\t\t\t\t\t<div class=\"penci-ercol-100 penci-ercol-order-1 penci-sticky-ct    elementor-column elementor-col-100 elementor-top-column elementor-element elementor-element-1dbcc71\" data-id=\"1dbcc71\" data-element_type=\"column\">\n\t\t\t<div class=\"elementor-widget-wrap elementor-element-populated\">\n\t\t\t\t\t\t<div class=\"elementor-element elementor-element-fb449dc elementor-widget elementor-widget-penci-fancy_heading\" data-id=\"fb449dc\" data-element_type=\"widget\" data-widget_type=\"penci-fancy_heading.default\">\n\t\t\t\t<div class=\"elementor-widget-container\">\n\t\t\t\t\t\t\t<div class=\"penci-fancy-heading penci-heading-text-center\">\n\t\t\t<div class=\"penci-fancy-heading-inner\">\n\t\t\t\t<h2 class=\"penci-heading-title\"><span class=\"inner-tit\">A propos<\/span><\/h2>\t\t\t<\/div>\n\t\t<\/div>\n\t\t\t\t\t\t<\/div>\n\t\t\t\t<\/div>\n\t\t\t\t\t<\/div>\n\t\t<\/div>\n\t\t\t\t\t<\/div>\n\t\t<\/section>\n\t\t\t\t<section class=\"penci-section penci-disSticky penci-structure-20 elementor-section elementor-top-section elementor-element elementor-element-6aedfa8 elementor-section-full_width elementor-section-content-middle elementor-section-height-default elementor-section-height-default\" data-id=\"6aedfa8\" data-element_type=\"section\">\n\t\t\t\t\t\t<div class=\"elementor-container elementor-column-gap-no\">\n\t\t\t\t\t<div class=\"penci-ercol-50 penci-ercol-order-1 penci-sticky-ct    elementor-column elementor-col-50 elementor-top-column elementor-element elementor-element-3a3d27c\" data-id=\"3a3d27c\" data-element_type=\"column\">\n\t\t\t<div class=\"elementor-widget-wrap elementor-element-populated\">\n\t\t\t\t\t\t<div class=\"elementor-element elementor-element-bb26e61 elementor-widget elementor-widget-image\" data-id=\"bb26e61\" data-element_type=\"widget\" data-widget_type=\"image.default\">\n\t\t\t\t<div class=\"elementor-widget-container\">\n\t\t\t\t\t\t\t\t\t\t\t\t\t\t\t<img fetchpriority=\"high\" decoding=\"async\" width=\"1024\" height=\"683\" src=\"https:\/\/kibanfashion.com\/wp-content\/uploads\/2019\/10\/8-1024x683.jpg\" class=\"attachment-large size-large wp-image-126\" alt=\"\" srcset=\"https:\/\/kibanfashion.com\/wp-content\/uploads\/2019\/10\/8-1024x683.jpg 1024w, https:\/\/kibanfashion.com\/wp-content\/uploads\/2019\/10\/8-300x200.jpg 300w, https:\/\/kibanfashion.com\/wp-content\/uploads\/2019\/10\/8-768x512.jpg 768w, https:\/\/kibanfashion.com\/wp-content\/uploads\/2019\/10\/8-1536x1024.jpg 1536w, https:\/\/kibanfashion.com\/wp-content\/uploads\/2019\/10\/8-1170x780.jpg 1170w, https:\/\/kibanfashion.com\/wp-content\/uploads\/2019\/10\/8-585x390.jpg 585w, https:\/\/kibanfashion.com\/wp-content\/uploads\/2019\/10\/8-263x175.jpg 263w, https:\/\/kibanfashion.com\/wp-content\/uploads\/2019\/10\/8.jpg 1800w\" sizes=\"(max-width: 1024px) 100vw, 1024px\" \/>\t\t\t\t\t\t\t\t\t\t\t\t\t\t\t<\/div>\n\t\t\t\t<\/div>\n\t\t\t\t\t<\/div>\n\t\t<\/div>\n\t\t\t\t<div class=\"penci-ercol-50 penci-ercol-order-2 penci-sticky-ct    elementor-column elementor-col-50 elementor-top-column elementor-element elementor-element-edfd485\" data-id=\"edfd485\" data-element_type=\"column\">\n\t\t\t<div class=\"elementor-widget-wrap elementor-element-populated\">\n\t\t\t\t\t\t<div class=\"elementor-element elementor-element-7b4fcab elementor-widget elementor-widget-penci-fancy_heading\" data-id=\"7b4fcab\" data-element_type=\"widget\" data-widget_type=\"penci-fancy_heading.default\">\n\t\t\t\t<div class=\"elementor-widget-container\">\n\t\t\t\t\t\t\t<div class=\"penci-fancy-heading penci-heading-text-left\">\n\t\t\t<div class=\"penci-fancy-heading-inner\">\n\t\t\t\t<div class=\"penci-heading-subtitle\">\u00c0 propos<\/div><h5 class=\"penci-heading-title\"><span class=\"inner-tit\">\"Un tailleur, une vision\"<\/span><\/h5><div class=\"penci-heading-content entry-content\"><p>Install\u00e9 au c\u0153ur de Bamako, Kibanfashion est un at\u00e9lier qui transforme vos inspirations en cr\u00e9ations sur-mesure. Avec une exp\u00e9rience riche, m\u00ealant le raffinement de la couture malienne et s\u00e9n\u00e9galaise, nous confectionnons des tenues adapt\u00e9es \u00e0 vos occasions les plus m\u00e9morables.<\/p>\n<\/div>\t\t\t<\/div>\n\t\t<\/div>\n\t\t\t\t\t\t<\/div>\n\t\t\t\t<\/div>\n\t\t\t\t\t<\/div>\n\t\t<\/div>\n\t\t\t\t\t<\/div>\n\t\t<\/section>\n\t\t\t\t<section class=\"penci-section penci-dmcheck penci-elbg-activate penci-disSticky penci-structure-20 elementor-section elementor-top-section elementor-element elementor-element-a72646c elementor-section-full_width elementor-section-content-middle elementor-section-height-default elementor-section-height-default\" data-id=\"a72646c\" data-element_type=\"section\" data-settings=\"{&quot;background_background&quot;:&quot;classic&quot;}\">\n\t\t\t\t\t\t<div class=\"elementor-container elementor-column-gap-no\">\n\t\t\t\t\t<div class=\"penci-ercol-50 penci-ercol-order-1 penci-sticky-ct    elementor-column elementor-col-50 elementor-top-column elementor-element elementor-element-4b0b92e\" data-id=\"4b0b92e\" data-element_type=\"column\">\n\t\t\t<div class=\"elementor-widget-wrap elementor-element-populated\">\n\t\t\t\t\t\t<div class=\"elementor-element elementor-element-524d3f2 elementor-widget elementor-widget-penci-fancy_heading\" data-id=\"524d3f2\" data-element_type=\"widget\" data-widget_type=\"penci-fancy_heading.default\">\n\t\t\t\t<div class=\"elementor-widget-container\">\n\t\t\t\t\t\t\t<div class=\"penci-fancy-heading penci-heading-text-center\">\n\t\t\t<div class=\"penci-fancy-heading-inner\">\n\t\t\t\t<div class=\"penci-heading-subtitle\">Mission<\/div><h2 class=\"penci-heading-title\"><span class=\"inner-tit\">Notre mission est simple<\/span><\/h2><div class=\"penci-heading-content entry-content\"><p>offrir des v\u00eatements qui vous font sentir unique, \u00e9l\u00e9gants et authentiques.<\/p>\n<\/div>\t\t\t<\/div>\n\t\t<\/div>\n\t\t\t\t\t\t<\/div>\n\t\t\t\t<\/div>\n\t\t\t\t\t<\/div>\n\t\t<\/div>\n\t\t\t\t<div class=\"penci-ercol-50 penci-ercol-order-2 penci-sticky-ct    elementor-column elementor-col-50 elementor-top-column elementor-element elementor-element-a6e8aef\" data-id=\"a6e8aef\" data-element_type=\"column\">\n\t\t\t<div class=\"elementor-widget-wrap elementor-element-populated\">\n\t\t\t\t\t\t<div class=\"elementor-element elementor-element-6d935fa elementor-widget elementor-widget-image\" data-id=\"6d935fa\" data-element_type=\"widget\" data-widget_type=\"image.default\">\n\t\t\t\t<div class=\"elementor-widget-container\">\n\t\t\t\t\t\t\t\t\t\t\t\t\t\t\t<img decoding=\"async\" width=\"1024\" height=\"683\" src=\"https:\/\/kibanfashion.com\/wp-content\/uploads\/2019\/10\/3-1024x683.jpg\" class=\"attachment-large size-large wp-image-53\" alt=\"\" srcset=\"https:\/\/kibanfashion.com\/wp-content\/uploads\/2019\/10\/3-1024x683.jpg 1024w, https:\/\/kibanfashion.com\/wp-content\/uploads\/2019\/10\/3-300x200.jpg 300w, https:\/\/kibanfashion.com\/wp-content\/uploads\/2019\/10\/3-768x512.jpg 768w, https:\/\/kibanfashion.com\/wp-content\/uploads\/2019\/10\/3-1170x780.jpg 1170w, https:\/\/kibanfashion.com\/wp-content\/uploads\/2019\/10\/3-585x390.jpg 585w, https:\/\/kibanfashion.com\/wp-content\/uploads\/2019\/10\/3-263x175.jpg 263w, https:\/\/kibanfashion.com\/wp-content\/uploads\/2019\/10\/3.jpg 1500w\" sizes=\"(max-width: 1024px) 100vw, 1024px\" \/>\t\t\t\t\t\t\t\t\t\t\t\t\t\t\t<\/div>\n\t\t\t\t<\/div>\n\t\t\t\t\t<\/div>\n\t\t<\/div>\n\t\t\t\t\t<\/div>\n\t\t<\/section>\n\t\t\t\t<section class=\"penci-section penci-disSticky penci-structure-10 elementor-section elementor-top-section elementor-element elementor-element-f3dbd77 elementor-section-boxed elementor-section-height-default elementor-section-height-default\" data-id=\"f3dbd77\" data-element_type=\"section\">\n\t\t\t\t\t\t<div class=\"elementor-container elementor-column-gap-no\">\n\t\t\t\t\t<div class=\"penci-ercol-100 penci-ercol-order-1 penci-sticky-ct    elementor-column elementor-col-100 elementor-top-column elementor-element elementor-element-4449bbc\" data-id=\"4449bbc\" data-element_type=\"column\">\n\t\t\t<div class=\"elementor-widget-wrap elementor-element-populated\">\n\t\t\t\t\t\t<div class=\"elementor-element elementor-element-71c6178 elementor-widget elementor-widget-penci-fancy_heading\" data-id=\"71c6178\" data-element_type=\"widget\" data-widget_type=\"penci-fancy_heading.default\">\n\t\t\t\t<div class=\"elementor-widget-container\">\n\t\t\t\t\t\t\t<div class=\"penci-fancy-heading penci-heading-text-center\">\n\t\t\t<div class=\"penci-fancy-heading-inner\">\n\t\t\t\t<div class=\"penci-heading-subtitle\">Ils ont aim\u00e9 <\/div><h2 class=\"penci-heading-title\"><span class=\"inner-tit\">T\u00e9moignages<\/span><\/h2>\t\t\t<\/div>\n\t\t<\/div>\n\t\t\t\t\t\t<\/div>\n\t\t\t\t<\/div>\n\t\t\t\t<div class=\"elementor-element elementor-element-3fbfc01 elementor-widget elementor-widget-penci-testimonials\" data-id=\"3fbfc01\" data-element_type=\"widget\" data-widget_type=\"penci-testimonials.default\">\n\t\t\t\t<div class=\"elementor-widget-container\">\n\t\t\t\t\t        <div class=\"penci-block-vc penci-smalllist penci-testimonails penci-testi-s1\">\n            <div class=\"penci-block_content pcsl-inner penci-clearfix pcsl-crs swiper penci-owl-carousel penci-owl-carousel-slider pcsl-col-1 pcsl-tabcol-1 pcsl-mobcol-1\" data-ceffect=\"swing\" data-auto=\"false\" data-autotime=\"4000\" data-speed=\"800\" data-item=\"1\" data-desktop=\"1\" data-tablet=\"1\" data-tabsmall=\"1\" data-mobile=\"1\">\n\t\t\t\t<div class=\"swiper-wrapper\"><div class=\"swiper-slide\">                        <div class=\"pcsl-item penci-testimonail normal-item\">\n                            <div class=\"pcsl-itemin pc-testiinner\">\n\t\t\t\t\t\t\t\t<div class=\"penci-testi-blockquote\"><div class=\"penci-testi-bq-inner\"><span class=\"penci-testi-bq-icon\"><\/span><span>\"Je suis absolument ravi des v\u00eatements que [Nom du tailleur] a confectionn\u00e9s pour moi\u202f! La qualit\u00e9 des tissus, la pr\u00e9cision des coutures et l\u2019attention port\u00e9e aux d\u00e9tails sont tout simplement remarquables. \"<\/span><\/div><\/div><div class=\"penci-testi-rating\"><i class=\"penci-faicon fa fa-star\" ><\/i><i class=\"penci-faicon fa fa-star\" ><\/i><i class=\"penci-faicon fa fa-star\" ><\/i><i class=\"penci-faicon fa fa-star\" ><\/i><i class=\"penci-faicon fa fa-star\" ><\/i><\/div><div class=\"penci-testi-avatar\"><img decoding=\"async\" src=\"https:\/\/demosoledad.pencidesign.net\/soledad-tailor-shop-multipurpose\/wp-content\/uploads\/sites\/20\/2019\/10\/ava1.jpg\" alt=\"Tiemoko SOUMAORO\"\/><\/div><h3 class=\"penci-testi-name\">Tiemoko SOUMAORO<\/h3>                            <\/div>\n                        <\/div>\n\n\t\t\t\t\t\t<\/div><div class=\"swiper-slide\">                        <div class=\"pcsl-item penci-testimonail normal-item\">\n                            <div class=\"pcsl-itemin pc-testiinner\">\n\t\t\t\t\t\t\t\t<div class=\"penci-testi-blockquote\"><div class=\"penci-testi-bq-inner\"><span class=\"penci-testi-bq-icon\"><\/span><span>\"J\u2019ai re\u00e7u d\u2019innombrables compliments lors de l\u2019\u00e9v\u00e9nement o\u00f9 je portais ma tenue, et je me sentais vraiment unique. Merci pour votre professionnalisme et votre passion\u202f!\"<\/span><\/div><\/div><div class=\"penci-testi-rating\"><i class=\"penci-faicon fa fa-star\" ><\/i><i class=\"penci-faicon fa fa-star\" ><\/i><i class=\"penci-faicon fa fa-star\" ><\/i><i class=\"penci-faicon fa fa-star\" ><\/i><i class=\"penci-faicon fa fa-star\" ><\/i><\/div><div class=\"penci-testi-avatar\"><img decoding=\"async\" src=\"https:\/\/demosoledad.pencidesign.net\/soledad-tailor-shop-multipurpose\/wp-content\/uploads\/sites\/20\/2019\/10\/ava3.jpg\" alt=\"Mamadou Bing\"\/><\/div><h3 class=\"penci-testi-name\">Mamadou Bing<\/h3>                            <\/div>\n                        <\/div>\n\n\t\t\t\t\t\t<\/div><\/div>            <\/div>\n        <\/div>\n\t\t\t\t\t\t<\/div>\n\t\t\t\t<\/div>\n\t\t\t\t\t<\/div>\n\t\t<\/div>\n\t\t\t\t\t<\/div>\n\t\t<\/section>\n\t\t\t\t<section class=\"penci-section penci-dmcheck penci-elbg-activate penci-elbg-img penci-disSticky penci-structure-20 elementor-section elementor-top-section elementor-element elementor-element-31b0826 elementor-section-boxed elementor-section-height-default elementor-section-height-default\" data-id=\"31b0826\" data-element_type=\"section\" data-settings=\"{&quot;background_background&quot;:&quot;classic&quot;}\">\n\t\t\t\t\t\t<div class=\"elementor-container elementor-column-gap-extended\">\n\t\t\t\t\t<div class=\"penci-ercol-50 penci-ercol-order-1 penci-sticky-ct    elementor-column elementor-col-50 elementor-top-column elementor-element elementor-element-969454b\" data-id=\"969454b\" data-element_type=\"column\">\n\t\t\t<div class=\"elementor-widget-wrap elementor-element-populated\">\n\t\t\t\t\t\t<div class=\"elementor-element elementor-element-e8c2b36 elementor-widget elementor-widget-penci-fancy_heading\" data-id=\"e8c2b36\" data-element_type=\"widget\" data-widget_type=\"penci-fancy_heading.default\">\n\t\t\t\t<div class=\"elementor-widget-container\">\n\t\t\t\t\t\t\t<div class=\"penci-fancy-heading penci-heading-text-left\">\n\t\t\t<div class=\"penci-fancy-heading-inner\">\n\t\t\t\t<div class=\"penci-heading-subtitle\">\"L\u2019\u00e9l\u00e9gance entre tradition et modernit\u00e9\" <\/div><div class=\"penci-heading-content entry-content\"><p>Bienvenue dans l\u2019univers de Kibanfashion o\u00f9 la finesse de la couture malienne s\u2019allie \u00e0 l\u2019\u00e9l\u00e9gance s\u00e9n\u00e9galaise. Chaque couture, chaque d\u00e9tail raconte une histoire\u202f: celle d\u2019une passion pour le style et d\u2019un engagement envers la satisfaction absolue de nos clients.<\/p>\n<\/div>\t\t\t<\/div>\n\t\t<\/div>\n\t\t\t\t\t\t<\/div>\n\t\t\t\t<\/div>\n\t\t\t\t<div class=\"elementor-element elementor-element-50159d2 elementor-align-left elementor-widget elementor-widget-button\" data-id=\"50159d2\" data-element_type=\"widget\" data-widget_type=\"button.default\">\n\t\t\t\t<div class=\"elementor-widget-container\">\n\t\t\t\t\t\t\t\t\t<div class=\"elementor-button-wrapper\">\n\t\t\t\t\t<a class=\"elementor-button elementor-button-link elementor-size-lg\" href=\"https:\/\/kibanfashion.com\/index.php\/contact-us\/\">\n\t\t\t\t\t\t<span class=\"elementor-button-content-wrapper\">\n\t\t\t\t\t\t\t\t\t<span class=\"elementor-button-text\">Contactez nous<\/span>\n\t\t\t\t\t<\/span>\n\t\t\t\t\t<\/a>\n\t\t\t\t<\/div>\n\t\t\t\t\t\t\t\t<\/div>\n\t\t\t\t<\/div>\n\t\t\t\t\t<\/div>\n\t\t<\/div>\n\t\t\t\t<div class=\"penci-ercol-50 penci-ercol-order-2 penci-sticky-ct    elementor-column elementor-col-50 elementor-top-column elementor-element elementor-element-d59d0de\" data-id=\"d59d0de\" data-element_type=\"column\">\n\t\t\t<div class=\"elementor-widget-wrap\">\n\t\t\t\t\t\t\t<\/div>\n\t\t<\/div>\n\t\t\t\t\t<\/div>\n\t\t<\/section>\n\t\t\t\t<\/div>\n\t\t","protected":false},"excerpt":{"rendered":"<p>A propos \u00c0 propos &#8220;Un tailleur, une vision&#8221; Install\u00e9 au c\u0153ur de Bamako, Kibanfashion est un at\u00e9lier qui transforme vos inspirations en cr\u00e9ations sur-mesure. Avec une exp\u00e9rience riche, m\u00ealant le&hellip;<\/p>\n","protected":false},"author":1,"featured_media":0,"parent":0,"menu_order":0,"comment_status":"closed","ping_status":"closed","template":"page-fullwidth.php","meta":{"content-type":"","_lmt_disableupdate":"","_lmt_disable":"","footnotes":""},"class_list":["post-10","page","type-page","status-publish","hentry"],"_links":{"self":[{"href":"https:\/\/kibanfashion.com\/index.php\/wp-json\/wp\/v2\/pages\/10","targetHints":{"allow":["GET"]}}],"collection":[{"href":"https:\/\/kibanfashion.com\/index.php\/wp-json\/wp\/v2\/pages"}],"about":[{"href":"https:\/\/kibanfashion.com\/index.php\/wp-json\/wp\/v2\/types\/page"}],"author":[{"embeddable":true,"href":"https:\/\/kibanfashion.com\/index.php\/wp-json\/wp\/v2\/users\/1"}],"replies":[{"embeddable":true,"href":"https:\/\/kibanfashion.com\/index.php\/wp-json\/wp\/v2\/comments?post=10"}],"version-history":[{"count":16,"href":"https:\/\/kibanfashion.com\/index.php\/wp-json\/wp\/v2\/pages\/10\/revisions"}],"predecessor-version":[{"id":321,"href":"https:\/\/kibanfashion.com\/index.php\/wp-json\/wp\/v2\/pages\/10\/revisions\/321"}],"wp:attachment":[{"href":"https:\/\/kibanfashion.com\/index.php\/wp-json\/wp\/v2\/media?parent=10"}],"curies":[{"name":"wp","href":"https:\/\/api.w.org\/{rel}","templated":true}]}}